{"id":343,"date":"2026-01-26T12:33:31","date_gmt":"2026-01-26T12:33:31","guid":{"rendered":"https:\/\/cabelia.fr\/?page_id=343"},"modified":"2026-01-27T09:19:19","modified_gmt":"2026-01-27T09:19:19","slug":"massage-en-entreprise","status":"publish","type":"page","link":"https:\/\/cabelia.fr\/index.php\/massage-en-entreprise\/","title":{"rendered":"Massage en entreprise"},"content":{"rendered":"<div class=\"et_pb_section_0 et_pb_section et_section_regular et_flex_section\" id=\"massage\"><\/div>\n\n<div class=\"et_pb_section_1 et_pb_section et_section_regular et_flex_section\">\n<div class=\"et_pb_row_0 et_pb_row et_flex_row\">\n<div class=\"et_pb_column_0 et_pb_column et-last-child et_flex_column et_pb_css_mix_blend_mode_passthrough et_flex_column_24_24\">\n<div class=\"et_pb_heading_0 et_pb_heading et_pb_module et_flex_module\"><div class=\"et_pb_heading_container\"><h1 class=\"et_pb_module_header\">Le massage en entreprise : un impact r\u00e9el sur le bien-\u00eatre et l\u2019engagement<\/h1><\/div><\/div>\n\n<div class=\"et_pb_text_0 et_pb_text et_pb_bg_layout_light et_pb_module et_flex_module\"><div class=\"et_pb_text_inner\"><p><span>Le massage en entreprise n\u2019est pas un luxe. C\u2019est une <\/span><strong>action de pr\u00e9vention<\/strong><span>, de <\/span><strong>reconnaissance<\/strong><span> et de <\/span><strong>qualit\u00e9 de vie au travail<\/strong><span>, int\u00e9gr\u00e9e aujourd\u2019hui dans les politiques QVCT les plus<strong> efficaces<\/strong>.<\/span><\/p>\n<\/div><\/div>\n<\/div>\n<\/div>\n<\/div>\n\n<div class=\"et_pb_section_2 et_pb_section et_section_regular et_flex_section\"><span class=\"et_pb_background_pattern\"><\/span>\n<div class=\"et_pb_row_1 et_pb_row et_flex_row\">\n<div class=\"et_pb_column_1 et_pb_column et_flex_column et_pb_css_mix_blend_mode_passthrough et_flex_column_12_24 et_flex_column_24_24_phone\">\n<div class=\"et_pb_heading_1 et_pb_heading et_pb_module et_flex_module\"><div class=\"et_pb_heading_container\"><h2 class=\"et_pb_module_header\">Pourquoi int\u00e9grer le massage en entreprise ?<\/h2><\/div><\/div>\n\n<div class=\"et_pb_text_1 et_pb_text et_pb_bg_layout_light et_pb_module et_flex_module\"><div class=\"et_pb_text_inner\"><ul>\n<li><span>Il agit directement sur les <\/span><strong><span>tensions physiques<\/span><\/strong> li\u00e9es au travail<span> (postures, \u00e9cran, gestes r\u00e9p\u00e9titifs)<\/span><\/li>\n<li><span>Il favorise la <\/span><strong><span>diminution du stress et <\/span><\/strong>de la charge mentale<\/li>\n<li><span>Il am\u00e9liore la <\/span>concentration, la disponibilit\u00e9 mentale<span> et le <\/span><strong><span>climat social<\/span><\/strong><\/li>\n<\/ul>\n<\/div><\/div>\n<\/div>\n\n<div class=\"et_pb_column_2 et_pb_column et-last-child et_flex_column et_pb_css_mix_blend_mode_passthrough et_flex_column_12_24 et_flex_column_24_24_phone\">\n<div class=\"et_pb_image_0 et_pb_image et_pb_module et_flex_module\"><span class=\"et_pb_image_wrap\"><img loading=\"lazy\" decoding=\"async\" src=\"https:\/\/cabelia.fr\/wp-content\/uploads\/2026\/01\/wind-chimes-4754977_640.jpg\" alt=\"S\u00e9ance de relaxation sonore avec bols tib\u00e9tains en entreprise pour la gestion du stress\" title=\"Relaxation sonore aux bols tib\u00e9tains en entreprise\" width=\"640\" height=\"412\" srcset=\"https:\/\/cabelia.fr\/wp-content\/uploads\/2026\/01\/wind-chimes-4754977_640.jpg 640w, https:\/\/cabelia.fr\/wp-content\/uploads\/2026\/01\/wind-chimes-4754977_640-480x309.jpg 480w\" sizes=\"(min-width: 0px) and (max-width: 480px) 480px, (min-width: 481px) 640px, 100vw\" class=\"wp-image-419\" \/><\/span><\/div>\n<\/div>\n<\/div>\n<\/div>\n\n<div class=\"et_pb_section_3 et_pb_section et_section_regular et_flex_section\">\n<div class=\"et_pb_row_2 et_pb_row et_flex_row\">\n<div class=\"et_pb_column_3 et_pb_column et-last-child et_flex_column et_pb_css_mix_blend_mode_passthrough et_flex_column_24_24\">\n<div class=\"et_pb_row_3 et_pb_row et_pb_row_nested et_flex_row\">\n<div class=\"et_pb_column_4 et_pb_column et_flex_column et_pb_css_mix_blend_mode_passthrough et_flex_column_8_24 et_flex_column_24_24_phone\">\n<div class=\"et_pb_blurb_0 et_pb_blurb et_pb_bg_layout_light et_pb_text_align_center et_pb_blurb_position_top et_pb_module et_flex_module\"><div class=\"et_pb_blurb_content et_flex_module\"><div class=\"et_pb_main_blurb_image\"><span class=\"et_pb_image_wrap et_pb_only_image_mode_wrap\"><img loading=\"lazy\" decoding=\"async\" src=\"https:\/\/cabelia.fr\/wp-content\/uploads\/2026\/01\/pexels-stephanie-allen-2464226-4085451-1-scaled.jpg\" alt=\"Praticien r\u00e9alisant un massage Amma assis en entreprise\" width=\"2560\" height=\"1694\" srcset=\"https:\/\/cabelia.fr\/wp-content\/uploads\/2026\/01\/pexels-stephanie-allen-2464226-4085451-1-scaled.jpg 2560w, https:\/\/cabelia.fr\/wp-content\/uploads\/2026\/01\/pexels-stephanie-allen-2464226-4085451-1-1280x847.jpg 1280w, https:\/\/cabelia.fr\/wp-content\/uploads\/2026\/01\/pexels-stephanie-allen-2464226-4085451-1-980x648.jpg 980w, https:\/\/cabelia.fr\/wp-content\/uploads\/2026\/01\/pexels-stephanie-allen-2464226-4085451-1-480x318.jpg 480w\" sizes=\"(min-width: 0px) and (max-width: 480px) 480px, (min-width: 481px) and (max-width: 980px) 980px, (min-width: 981px) and (max-width: 1280px) 1280px, (min-width: 1281px) 2560px, 100vw\" class=\"et-waypoint et_pb_animation_top et_pb_animation_top_tablet et_pb_animation_top_phone wp-image-395\" title=\"Massage Amma assis en entreprise\" \/><\/span><\/div><div class=\"et_pb_blurb_container\"><h4 class=\"et_pb_module_header\">Massage Amma assis<\/h4><div class=\"et_pb_blurb_description\"><p>rapide, habill\u00e9, id\u00e9al en entreprise<\/p>\n<\/div><\/div><\/div><\/div>\n<\/div>\n\n<div class=\"et_pb_column_5 et_pb_column et_flex_column et_pb_css_mix_blend_mode_passthrough et_flex_column_8_24 et_flex_column_24_24_phone\">\n<div class=\"et_pb_blurb_1 et_pb_blurb et_pb_bg_layout_light et_pb_text_align_center et_pb_blurb_position_top et_pb_module et_flex_module\"><div class=\"et_pb_blurb_content et_flex_module\"><div class=\"et_pb_main_blurb_image\"><span class=\"et_pb_image_wrap et_pb_only_image_mode_wrap\"><img loading=\"lazy\" decoding=\"async\" src=\"https:\/\/cabelia.fr\/wp-content\/uploads\/2026\/01\/osteopathy-patoient-getting-tretment-massage-scaled.jpg\" alt=\"Massage du dos en entreprise pour r\u00e9duire les tensions musculaires\" width=\"2560\" height=\"1703\" srcset=\"https:\/\/cabelia.fr\/wp-content\/uploads\/2026\/01\/osteopathy-patoient-getting-tretment-massage-scaled.jpg 2560w, https:\/\/cabelia.fr\/wp-content\/uploads\/2026\/01\/osteopathy-patoient-getting-tretment-massage-1280x852.jpg 1280w, https:\/\/cabelia.fr\/wp-content\/uploads\/2026\/01\/osteopathy-patoient-getting-tretment-massage-980x652.jpg 980w, https:\/\/cabelia.fr\/wp-content\/uploads\/2026\/01\/osteopathy-patoient-getting-tretment-massage-480x319.jpg 480w\" sizes=\"(min-width: 0px) and (max-width: 480px) 480px, (min-width: 481px) and (max-width: 980px) 980px, (min-width: 981px) and (max-width: 1280px) 1280px, (min-width: 1281px) 2560px, 100vw\" class=\"et-waypoint et_pb_animation_top et_pb_animation_top_tablet et_pb_animation_top_phone wp-image-398\" title=\"Massage du dos au travail\" \/><\/span><\/div><div class=\"et_pb_blurb_container\"><h4 class=\"et_pb_module_header\">Massage relaxant cibl\u00e9                                          <\/h4><div class=\"et_pb_blurb_description\"><p>zones dos \/ nuque \/ \u00e9paules<\/p>\n<\/div><\/div><\/div><\/div>\n<\/div>\n\n<div class=\"et_pb_column_6 et_pb_column et-last-child et_flex_column et_pb_css_mix_blend_mode_passthrough et_flex_column_8_24 et_flex_column_24_24_phone\">\n<div class=\"et_pb_blurb_2 et_pb_blurb et_pb_bg_layout_light et_pb_text_align_center et_pb_blurb_position_top et_pb_module et_flex_module\"><div class=\"et_pb_blurb_content et_flex_module\"><div class=\"et_pb_main_blurb_image\"><span class=\"et_pb_image_wrap et_pb_only_image_mode_wrap\"><img loading=\"lazy\" decoding=\"async\" src=\"https:\/\/cabelia.fr\/wp-content\/uploads\/2026\/01\/therapy-2802790_1280.jpg\" alt=\"Massage d\u00e9tente en entreprise pour am\u00e9liorer le bien-\u00eatre des salari\u00e9s\" width=\"1280\" height=\"853\" srcset=\"https:\/\/cabelia.fr\/wp-content\/uploads\/2026\/01\/therapy-2802790_1280.jpg 1280w, https:\/\/cabelia.fr\/wp-content\/uploads\/2026\/01\/therapy-2802790_1280-980x653.jpg 980w, https:\/\/cabelia.fr\/wp-content\/uploads\/2026\/01\/therapy-2802790_1280-480x320.jpg 480w\" sizes=\"(min-width: 0px) and (max-width: 480px) 480px, (min-width: 481px) and (max-width: 980px) 980px, (min-width: 981px) 1280px, 100vw\" class=\"et-waypoint et_pb_animation_top et_pb_animation_top_tablet et_pb_animation_top_phone wp-image-394\" title=\"Massage d\u00e9tente en entreprise\" \/><\/span><\/div><div class=\"et_pb_blurb_container\"><h4 class=\"et_pb_module_header\">Massage bien-\u00eatre \u00e9v\u00e9nementiel<\/h4><div class=\"et_pb_blurb_description\"><p>QVCT, semaine bien-\u00eatre, temps forts<\/p>\n<\/div><\/div><\/div><\/div>\n<\/div>\n<\/div>\n\n<div class=\"et_pb_row_4 et_pb_row et_pb_row_nested et_flex_row\">\n<div class=\"et_pb_column_7 et_pb_column et-last-child et_flex_column et_pb_css_mix_blend_mode_passthrough et_flex_column_24_24\">\n<div class=\"et_pb_text_2 et_pb_text et_pb_bg_layout_light et_pb_module et_flex_module\"><div class=\"et_pb_text_inner\"><p><span>Chaque format est pens\u00e9 pour \u00eatre <\/span><strong><span>simple \u00e0 mettre en place<\/span><\/strong><span>, <\/span><strong><span>adapt\u00e9 au temps de travail<\/span><\/strong><span> et <\/span><strong><span>sans d\u00e9sorganisation des \u00e9quipes<\/span><\/strong><span>.<\/span><\/p>\n<\/div><\/div>\n<\/div>\n<\/div>\n<\/div>\n<\/div>\n<\/div>\n\n<div class=\"et_pb_section_4 et_pb_section et_section_regular et_flex_section\">\n<div class=\"et_pb_row_5 et_pb_row et_flex_row\">\n<div class=\"et_pb_column_8 et_pb_column et-last-child et_flex_column et_pb_css_mix_blend_mode_passthrough et_flex_column_24_24\">\n<div class=\"et_pb_heading_2 et_pb_heading et_pb_module et_flex_module\"><div class=\"et_pb_heading_container\"><h1 class=\"et_pb_module_header\">Exemple: Une intervention type dans une entreprise de 30 \u00e0 50 salari\u00e9s:<\/h1><\/div><\/div>\n\n<div class=\"et_pb_text_3 et_pb_text et_pb_bg_layout_light et_pb_module et_flex_module\"><div class=\"et_pb_text_inner\"><ul>\n<li data-start=\"2120\" data-end=\"2135\">\n<p data-start=\"2122\" data-end=\"2135\">1 intervenant<\/p>\n<\/li>\n<li data-start=\"2136\" data-end=\"2163\">\n<p data-start=\"2138\" data-end=\"2163\">1 journ\u00e9e ou demi-journ\u00e9e<\/p>\n<\/li>\n<li data-start=\"2164\" data-end=\"2196\">\n<p data-start=\"2166\" data-end=\"2196\">12 \u00e0 20 salari\u00e9s b\u00e9n\u00e9ficiaires<\/p>\n<\/li>\n<li data-start=\"2197\" data-end=\"2221\">\n<p data-start=\"2199\" data-end=\"2221\">s\u00e9ances de 15 \u00e0 20 min<\/p>\n<\/li>\n<li data-start=\"2222\" data-end=\"2257\">\n<p data-start=\"2224\" data-end=\"2257\">aucune perturbation de l\u2019activit\u00e9<\/p>\n<\/li>\n<\/ul>\n<\/div><\/div>\n<\/div>\n<\/div>\n<\/div>\n\n<div class=\"et_pb_section_5 et_pb_section et_section_regular et_flex_section\"><span class=\"et_pb_background_pattern\"><\/span>\n<div class=\"et_pb_row_6 et_pb_row et_flex_row\">\n<div class=\"et_pb_column_9 et_pb_column et_flex_column et_pb_css_mix_blend_mode_passthrough et_flex_column_12_24 et_flex_column_24_24_phone\">\n<div class=\"et_pb_heading_3 et_pb_heading et_pb_module et_flex_module\"><div class=\"et_pb_heading_container\"><h3 class=\"et_pb_module_header\">B\u00e9n\u00e9fices pour l\u2019entreprise :<\/h3><\/div><\/div>\n<\/div>\n\n<div class=\"et_pb_column_10 et_pb_column et-last-child et_flex_column et_pb_css_mix_blend_mode_passthrough et_flex_column_12_24 et_flex_column_24_24_phone\">\n<div class=\"et_pb_text_4 et_pb_text et_pb_bg_layout_light et_pb_module et_flex_module\"><div class=\"et_pb_text_inner\"><ul>\n<li>\n<p><strong><span>R\u00e9duction du stress et des tensions<\/span><\/strong><\/p>\n<\/li>\n<li>\n<p><strong><span>Pr\u00e9vention des TMS<\/span><\/strong><\/p>\n<\/li>\n<li>\n<p><strong><span>Am\u00e9lioration du bien-\u00eatre per\u00e7u<\/span><\/strong><\/p>\n<\/li>\n<li>\n<p><strong><span>Valorisation de la marque employeur<\/span><\/strong><\/p>\n<\/li>\n<li>\n<p><strong><span>Message fort de reconnaissance envers les salari\u00e9s<\/span><\/strong><\/p>\n<\/li>\n<\/ul>\n<\/div><\/div>\n<\/div>\n<\/div>\n<\/div>\n\n<div class=\"et_pb_section_6 et_pb_section et_section_regular et_flex_section\">\n<div class=\"et_pb_row_7 et_pb_row et_flex_row\">\n<div class=\"et_pb_column_11 et_pb_column et-last-child et_flex_column et_pb_css_mix_blend_mode_passthrough et_flex_column_24_24\">\n<div class=\"et_pb_heading_4 et_pb_heading et_pb_module et_flex_module\"><div class=\"et_pb_heading_container\"><h2 class=\"et_pb_module_header\">Parlons ensemble de la solution la plus adapt\u00e9e \u00e0 votre entreprise<\/h2><\/div><\/div>\n\n<div class=\"et_pb_module et_pb_button_module_wrapper et_pb_button_0_wrapper\"><a class=\"et_pb_button_0 et_pb_button et_pb_bg_layout_light et_pb_module et_flex_module\" href=\"https:\/\/cabelia.fr\/index.php\/contact-devis\/#devis\">Demander un \u00e9change personnalis\u00e9<\/a><\/div>\n<\/div>\n<\/div>\n<\/div>","protected":false},"excerpt":{"rendered":"","protected":false},"author":1,"featured_media":0,"parent":0,"menu_order":0,"comment_status":"closed","ping_status":"closed","template":"","meta":{"_seopress_robots_primary_cat":"","_seopress_titles_title":"","_seopress_titles_desc":"","_seopress_robots_index":"","footnotes":""},"class_list":["post-343","page","type-page","status-publish","hentry"],"_links":{"self":[{"href":"https:\/\/cabelia.fr\/index.php\/wp-json\/wp\/v2\/pages\/343","targetHints":{"allow":["GET"]}}],"collection":[{"href":"https:\/\/cabelia.fr\/index.php\/wp-json\/wp\/v2\/pages"}],"about":[{"href":"https:\/\/cabelia.fr\/index.php\/wp-json\/wp\/v2\/types\/page"}],"author":[{"embeddable":true,"href":"https:\/\/cabelia.fr\/index.php\/wp-json\/wp\/v2\/users\/1"}],"replies":[{"embeddable":true,"href":"https:\/\/cabelia.fr\/index.php\/wp-json\/wp\/v2\/comments?post=343"}],"version-history":[{"count":8,"href":"https:\/\/cabelia.fr\/index.php\/wp-json\/wp\/v2\/pages\/343\/revisions"}],"predecessor-version":[{"id":475,"href":"https:\/\/cabelia.fr\/index.php\/wp-json\/wp\/v2\/pages\/343\/revisions\/475"}],"wp:attachment":[{"href":"https:\/\/cabelia.fr\/index.php\/wp-json\/wp\/v2\/media?parent=343"}],"curies":[{"name":"wp","href":"https:\/\/api.w.org\/{rel}","templated":true}]}}