{"id":106,"date":"2026-01-13T08:59:21","date_gmt":"2026-01-13T08:59:21","guid":{"rendered":"https:\/\/cabelia.fr\/?page_id=106"},"modified":"2026-01-29T10:20:03","modified_gmt":"2026-01-29T10:20:03","slug":"nos-interventions","status":"publish","type":"page","link":"https:\/\/cabelia.fr\/index.php\/nos-interventions\/","title":{"rendered":"Nos interventions"},"content":{"rendered":"<div class=\"et_pb_section_0 et_pb_section et_section_regular et_flex_section\">\n<div class=\"et_pb_row_0 et_pb_row et_flex_row\">\n<div class=\"et_pb_column_0 et_pb_column et-last-child et_flex_column et_pb_css_mix_blend_mode_passthrough et_flex_column_24_24\">\n<div class=\"et_pb_group_0 et_pb_group et-last-child et_pb_module et_flex_group et_pb_css_mix_blend_mode_passthrough\">\n<div class=\"et_pb_heading_0 et_pb_heading et_pb_module et_flex_module\"><div class=\"et_pb_heading_container\"><h1 class=\"et_pb_module_header\">Nos interventions bien-\u00eatre en entreprise<\/h1><\/div><\/div>\n\n<div class=\"et_pb_text_0 et_pb_text et_pb_bg_layout_light et_pb_module et_flex_module\"><div class=\"et_pb_text_inner\"><p>Un large \u00e9ventail d&rsquo;actions pour r\u00e9pondre aux <strong>besoins de vos \u00e9quipes<\/strong>, quelque soit votre contexte, <strong>partout en France.<\/strong><\/p>\n<\/div><\/div>\n<\/div>\n<\/div>\n<\/div>\n<\/div>\n\n<div class=\"et_pb_section_1 et_pb_section et_section_regular et_flex_section\">\n<div class=\"et_pb_row_1 et_pb_row et_flex_row\">\n<div class=\"et_pb_column_1 et_pb_column et-last-child et_flex_column et_pb_css_mix_blend_mode_passthrough et_flex_column_24_24\">\n<div class=\"et_pb_group_1 et_pb_group et-last-child et_pb_module et_flex_group et_pb_css_mix_blend_mode_passthrough\">\n<div class=\"et_pb_row_2 et_pb_row et_pb_row_nested et_flex_row\">\n<div class=\"et_pb_column_2 et_pb_column et_flex_column et_pb_css_mix_blend_mode_passthrough et_flex_column_12_24 et_flex_column_24_24_phone\">\n<div class=\"et_pb_text_1 et_pb_text et_pb_bg_layout_light et_pb_module et_flex_module\"><div class=\"et_pb_text_inner\"><p>Cab\u00e9lia propose un ensemble d&rsquo;interventions bien-\u00eatre pens\u00e9es pour s&rsquo;int\u00e9grer facilement \u00e0 la vie de l&rsquo;entreprise.<\/p>\n<p>Chaque prestation peut-\u00eatre organis\u00e9e de mani\u00e8re ponctuelle ou s&rsquo;inscrire dans une d\u00e9marche r\u00e9guli\u00e8re, selon vos objectifs QVCT.<\/p>\n<p>Les activit\u00e9s sont s\u00e9lectionn\u00e9es en fonction de vos objectifs, de votre contexte et de la disponibilit\u00e9 des intervenants.<\/p>\n<\/div><\/div>\n<\/div>\n\n<div class=\"et_pb_column_3 et_pb_column et-last-child et_flex_column et_pb_css_mix_blend_mode_passthrough et_flex_column_12_24 et_flex_column_24_24_phone\">\n<div class=\"et_pb_image_0 et_pb_image et_pb_module et_flex_module\"><span class=\"et_pb_image_wrap\"><img alt=\"Planification d\u2019interventions bien-\u00eatre en entreprise avec un agenda clair\" loading=\"lazy\" decoding=\"async\" src=\"https:\/\/cabelia.fr\/wp-content\/uploads\/2026\/01\/pexels-leeloothefirst-5408684-scaled.jpg\" title=\"pexels-leeloothefirst-5408684\" width=\"2560\" height=\"1709\" srcset=\"https:\/\/cabelia.fr\/wp-content\/uploads\/2026\/01\/pexels-leeloothefirst-5408684-scaled.jpg 2560w, https:\/\/cabelia.fr\/wp-content\/uploads\/2026\/01\/pexels-leeloothefirst-5408684-1280x855.jpg 1280w, https:\/\/cabelia.fr\/wp-content\/uploads\/2026\/01\/pexels-leeloothefirst-5408684-980x654.jpg 980w, https:\/\/cabelia.fr\/wp-content\/uploads\/2026\/01\/pexels-leeloothefirst-5408684-480x320.jpg 480w\" sizes=\"(min-width: 0px) and (max-width: 480px) 480px, (min-width: 481px) and (max-width: 980px) 980px, (min-width: 981px) and (max-width: 1280px) 1280px, (min-width: 1281px) 2560px, 100vw\" class=\"wp-image-177\" \/><\/span><\/div>\n<\/div>\n<\/div>\n<\/div>\n<\/div>\n<\/div>\n<\/div>\n\n<div class=\"et_pb_section_2 et_pb_section et_section_regular et_flex_section\">\n<div class=\"et_pb_row_3 et_pb_row et_flex_row\" id=\"ancre2\">\n<div class=\"et_pb_column_4 et_pb_column et-last-child et_flex_column et_pb_css_mix_blend_mode_passthrough et_flex_column_24_24\">\n<div class=\"et_pb_heading_1 et_pb_heading et_pb_module et_flex_module\"><div class=\"et_pb_heading_container\"><h2 class=\"et_pb_module_header\">Un large choix d&rsquo;activit\u00e9s bien-\u00eatre<\/h2><\/div><\/div>\n<\/div>\n<\/div>\n\n<div class=\"et_pb_row_4 et_pb_row et_flex_row\">\n<div class=\"et_pb_column_5 et_pb_column et-last-child et_flex_column et_pb_css_mix_blend_mode_passthrough et_flex_column_24_24 et_flex_column_24_24_tablet et_flex_column_24_24_phone\">\n<div class=\"et_pb_group_2 et_pb_group et-last-child et_pb_module et_flex_group et_pb_css_mix_blend_mode_passthrough\">\n<div class=\"et_pb_row_5 et_pb_row et_pb_row_nested et_flex_row\">\n<div class=\"et_pb_column_6 et_pb_column et_flex_column et_pb_css_mix_blend_mode_passthrough et_flex_column_12_24 et_flex_column_24_24_phone\">\n<div class=\"et_pb_heading_2 et_pb_heading et_pb_module et_flex_module\"><div class=\"et_pb_heading_container\"><h3 class=\"et_pb_module_header\">D\u00e9tente &#038; r\u00e9cup\u00e9ration:<\/h3><\/div><\/div>\n\n<ul class=\"et_pb_icon_list_0 et_pb_icon_list et_pb_module et_flex_module\">\n<li class=\"et_pb_icon_list_item_0 et_pb_icon_list_item et_pb_module et_flex_module\"><span class=\"et-pb-icon\">Z<\/span><div class=\"et_pb_icon_list_text\">Massage bien-\u00eatre<\/div><\/li>\n\n<li class=\"et_pb_icon_list_item_1 et_pb_icon_list_item et_pb_module et_flex_module\"><span class=\"et-pb-icon\">Z<\/span><div class=\"et_pb_icon_list_text\">Relaxation guid\u00e9e<\/div><\/li>\n\n<li class=\"et_pb_icon_list_item_2 et_pb_icon_list_item et_pb_module et_flex_module\"><span class=\"et-pb-icon\">Z<\/span><div class=\"et_pb_icon_list_text\">M\u00e9ditation<\/div><\/li>\n\n<li class=\"et_pb_icon_list_item_3 et_pb_icon_list_item et_pb_module et_flex_module\"><span class=\"et-pb-icon\">Z<\/span><div class=\"et_pb_icon_list_text\">R\u00e9flexologie<\/div><\/li>\n\n<li class=\"et_pb_icon_list_item_4 et_pb_icon_list_item et_pb_module et_flex_module\"><span class=\"et-pb-icon\">Z<\/span><div class=\"et_pb_icon_list_text\">Musicoth\u00e9rapie<\/div><\/li>\n<\/ul>\n<\/div>\n\n<div class=\"et_pb_column_7 et_pb_column et-last-child et_flex_column et_pb_css_mix_blend_mode_passthrough et_flex_column_12_24 et_flex_column_24_24_phone\">\n<div class=\"et_pb_image_1 et_pb_image et_pb_module et_flex_module\"><span class=\"et_pb_image_wrap\"><img loading=\"lazy\" decoding=\"async\" src=\"https:\/\/cabelia.fr\/wp-content\/uploads\/2026\/01\/groupe-de-sportifs-dans-l-exercice-du-cadavre-scaled.webp\" alt=\"Atelier nutrition et sommeil en entreprise pour am\u00e9liorer l\u2019\u00e9nergie et la concentration\" title=\"Atelier nutrition et sommeil \u2013 bien-\u00eatre au travail\" width=\"2560\" height=\"1707\" srcset=\"https:\/\/cabelia.fr\/wp-content\/uploads\/2026\/01\/groupe-de-sportifs-dans-l-exercice-du-cadavre-scaled.webp 2560w, https:\/\/cabelia.fr\/wp-content\/uploads\/2026\/01\/groupe-de-sportifs-dans-l-exercice-du-cadavre-1280x854.webp 1280w, https:\/\/cabelia.fr\/wp-content\/uploads\/2026\/01\/groupe-de-sportifs-dans-l-exercice-du-cadavre-980x653.webp 980w, https:\/\/cabelia.fr\/wp-content\/uploads\/2026\/01\/groupe-de-sportifs-dans-l-exercice-du-cadavre-480x320.webp 480w\" sizes=\"(min-width: 0px) and (max-width: 480px) 480px, (min-width: 481px) and (max-width: 980px) 980px, (min-width: 981px) and (max-width: 1280px) 1280px, (min-width: 1281px) 2560px, 100vw\" class=\"wp-image-471\" \/><\/span><\/div>\n<\/div>\n<\/div>\n\n<div class=\"et_pb_group_3 et_pb_group et-last-child et_pb_module et_flex_group et_pb_css_mix_blend_mode_passthrough\">\n<ul class=\"et_pb_icon_list_1 et_pb_icon_list et_pb_module et_flex_module\">\n<li class=\"et_pb_icon_list_item_5 et_pb_icon_list_item et_pb_module et_clickable et_flex_module\"><span class=\"et-pb-icon\">U<\/span><div class=\"et_pb_icon_list_text\">Voir l&rsquo;ensemble des activit\u00e9es propos\u00e9es<\/div><\/li>\n<\/ul>\n<\/div>\n<\/div>\n<\/div>\n<\/div>\n<\/div>\n\n<div class=\"et_pb_section_3 et_pb_section et_section_regular et_flex_section\">\n<div class=\"et_pb_row_6 et_pb_row et_flex_row\">\n<div class=\"et_pb_column_8 et_pb_column et-last-child et_flex_column et_pb_css_mix_blend_mode_passthrough et_flex_column_24_24 et_flex_column_24_24_tablet et_flex_column_24_24_phone\">\n<div class=\"et_pb_group_4 et_pb_group et-last-child et_pb_module et_flex_group et_pb_css_mix_blend_mode_passthrough\">\n<div class=\"et_pb_row_7 et_pb_row et_pb_row_nested et_flex_row\">\n<div class=\"et_pb_column_9 et_pb_column et_flex_column et_pb_css_mix_blend_mode_passthrough et_flex_column_12_24 et_flex_column_24_24_phone\">\n<div class=\"et_pb_image_2 et_pb_image et_pb_module et_flex_module\"><span class=\"et_pb_image_wrap\"><img loading=\"lazy\" decoding=\"async\" src=\"https:\/\/cabelia.fr\/wp-content\/uploads\/2026\/01\/Screenshot_20260122_130948_Gmail.jpg\" alt=\"Ateliers mouvement et posture en entreprise pour pr\u00e9venir les douleurs\" title=\"Mouvement et posture au travail\" width=\"1931\" height=\"1080\" srcset=\"https:\/\/cabelia.fr\/wp-content\/uploads\/2026\/01\/Screenshot_20260122_130948_Gmail.jpg 1931w, https:\/\/cabelia.fr\/wp-content\/uploads\/2026\/01\/Screenshot_20260122_130948_Gmail-1280x716.jpg 1280w, https:\/\/cabelia.fr\/wp-content\/uploads\/2026\/01\/Screenshot_20260122_130948_Gmail-980x548.jpg 980w, https:\/\/cabelia.fr\/wp-content\/uploads\/2026\/01\/Screenshot_20260122_130948_Gmail-480x268.jpg 480w\" sizes=\"(min-width: 0px) and (max-width: 480px) 480px, (min-width: 481px) and (max-width: 980px) 980px, (min-width: 981px) and (max-width: 1280px) 1280px, (min-width: 1281px) 1931px, 100vw\" class=\"wp-image-328\" \/><\/span><\/div>\n<\/div>\n\n<div class=\"et_pb_column_10 et_pb_column et-last-child et_flex_column et_pb_css_mix_blend_mode_passthrough et_flex_column_12_24 et_flex_column_24_24_phone\">\n<div class=\"et_pb_heading_3 et_pb_heading et_pb_module et_flex_module\"><div class=\"et_pb_heading_container\"><h3 class=\"et_pb_module_header\">Mouvement et posture:<\/h3><\/div>\n<ul class=\"et_pb_icon_list_2 et_pb_icon_list et_pb_module et_flex_module\">\n<li class=\"et_pb_icon_list_item_6 et_pb_icon_list_item et_pb_module et_flex_module\"><span class=\"et-pb-icon\">Z<\/span><div class=\"et_pb_icon_list_text\">R\u00e9veil musculaire<\/div><\/li>\n\n<li class=\"et_pb_icon_list_item_7 et_pb_icon_list_item et_pb_module et_flex_module\"><span class=\"et-pb-icon\">Z<\/span><div class=\"et_pb_icon_list_text\">Stretching et mobilit\u00e9<\/div><\/li>\n\n<li class=\"et_pb_icon_list_item_8 et_pb_icon_list_item et_pb_module et_flex_module\"><span class=\"et-pb-icon\">Z<\/span><div class=\"et_pb_icon_list_text\">Pilates<\/div><\/li>\n\n<li class=\"et_pb_icon_list_item_9 et_pb_icon_list_item et_pb_module et_flex_module\"><span class=\"et-pb-icon\">Z<\/span><div class=\"et_pb_icon_list_text\">yoga<\/div><\/li>\n\n<li class=\"et_pb_icon_list_item_10 et_pb_icon_list_item et_pb_module et_flex_module\"><span class=\"et-pb-icon\">Z<\/span><div class=\"et_pb_icon_list_text\">yoga du rire<\/div><\/li>\n<\/ul>\n<\/div>\n<\/div>\n<\/div>\n\n<div class=\"et_pb_group_5 et_pb_group et-last-child et_pb_module et_flex_group et_pb_css_mix_blend_mode_passthrough\">\n<ul class=\"et_pb_icon_list_3 et_pb_icon_list et_pb_module et_flex_module\">\n<li class=\"et_pb_icon_list_item_11 et_pb_icon_list_item et_pb_module et_clickable et_flex_module\"><span class=\"et-pb-icon\">U<\/span><div class=\"et_pb_icon_list_text\">Voir l&rsquo;ensemble des activit\u00e9es propos\u00e9es<\/div><\/li>\n<\/ul>\n<\/div>\n<\/div>\n<\/div>\n<\/div>\n<\/div>\n\n<div class=\"et_pb_section_4 et_pb_section et_section_regular et_flex_section\">\n<div class=\"et_pb_row_8 et_pb_row et_flex_row\">\n<div class=\"et_pb_column_11 et_pb_column et-last-child et_flex_column et_pb_css_mix_blend_mode_passthrough et_flex_column_24_24 et_flex_column_24_24_tablet et_flex_column_24_24_phone\">\n<div class=\"et_pb_group_6 et_pb_group et-last-child et_pb_module et_flex_group et_pb_css_mix_blend_mode_passthrough\">\n<div class=\"et_pb_row_9 et_pb_row et_pb_row_nested et_flex_row\">\n<div class=\"et_pb_column_12 et_pb_column et_flex_column et_pb_css_mix_blend_mode_passthrough et_flex_column_12_24 et_flex_column_24_24_phone\">\n<div class=\"et_pb_heading_4 et_pb_heading et_pb_module et_flex_module\"><div class=\"et_pb_heading_container\"><h3 class=\"et_pb_module_header\">Pr\u00e9vention et \u00e9quilibre:<\/h3><\/div>\n<ul class=\"et_pb_icon_list_4 et_pb_icon_list et_pb_module et_flex_module\">\n<li class=\"et_pb_icon_list_item_12 et_pb_icon_list_item et_pb_module et_flex_module\"><span class=\"et-pb-icon\">Z<\/span><div class=\"et_pb_icon_list_text\">Sophrologie<\/div><\/li>\n\n<li class=\"et_pb_icon_list_item_13 et_pb_icon_list_item et_pb_module et_flex_module\"><span class=\"et-pb-icon\">Z<\/span><div class=\"et_pb_icon_list_text\">gestion du stress<\/div><\/li>\n\n<li class=\"et_pb_icon_list_item_14 et_pb_icon_list_item et_pb_module et_flex_module\"><span class=\"et-pb-icon\">Z<\/span><div class=\"et_pb_icon_list_text\">atelier sur le sommeil<\/div><\/li>\n\n<li class=\"et_pb_icon_list_item_15 et_pb_icon_list_item et_pb_module et_flex_module\"><span class=\"et-pb-icon\">Z<\/span><div class=\"et_pb_icon_list_text\">atelier sur la nutrition<\/div><\/li>\n\n<li class=\"et_pb_icon_list_item_16 et_pb_icon_list_item et_pb_module et_flex_module\"><span class=\"et-pb-icon\">Z<\/span><div class=\"et_pb_icon_list_text\">Pr\u00e9vention des RPS<\/div><\/li>\n\n<li class=\"et_pb_icon_list_item_17 et_pb_icon_list_item et_pb_module et_clickable et_flex_module\"><span class=\"et-pb-icon\">U<\/span><div class=\"et_pb_icon_list_text\">Voir l&rsquo;ensemble des activit\u00e9es propos\u00e9es<\/div><\/li>\n<\/ul>\n<\/div>\n<\/div>\n\n<div class=\"et_pb_column_13 et_pb_column et-last-child et_flex_column et_pb_css_mix_blend_mode_passthrough et_flex_column_12_24 et_flex_column_24_24_phone\">\n<div class=\"et_pb_image_3 et_pb_image et_pb_module et_flex_module\"><span class=\"et_pb_image_wrap\"><img loading=\"lazy\" decoding=\"async\" src=\"https:\/\/cabelia.fr\/wp-content\/uploads\/2026\/01\/gathering-companions-scaled.webp\" alt=\"Pr\u00e9vention des risques et \u00e9quilibre au travail gr\u00e2ce \u00e0 la QVCT\" title=\"Pr\u00e9vention et qualit\u00e9 de vie au travail\" width=\"2560\" height=\"1707\" srcset=\"https:\/\/cabelia.fr\/wp-content\/uploads\/2026\/01\/gathering-companions-scaled.webp 2560w, https:\/\/cabelia.fr\/wp-content\/uploads\/2026\/01\/gathering-companions-1280x854.webp 1280w, https:\/\/cabelia.fr\/wp-content\/uploads\/2026\/01\/gathering-companions-980x653.webp 980w, https:\/\/cabelia.fr\/wp-content\/uploads\/2026\/01\/gathering-companions-480x320.webp 480w\" sizes=\"(min-width: 0px) and (max-width: 480px) 480px, (min-width: 481px) and (max-width: 980px) 980px, (min-width: 981px) and (max-width: 1280px) 1280px, (min-width: 1281px) 2560px, 100vw\" class=\"wp-image-470\" \/><\/span><\/div>\n<\/div>\n<\/div>\n<\/div>\n<\/div>\n<\/div>\n<\/div>\n\n<div class=\"et_pb_section_5 et_pb_section et_section_regular et_flex_section\">\n<div class=\"et_pb_row_10 et_pb_row et_flex_row\">\n<div class=\"et_pb_column_14 et_pb_column et-last-child et_flex_column et_pb_css_mix_blend_mode_passthrough et_flex_column_24_24\">\n<div class=\"et_pb_heading_5 et_pb_heading et_pb_module et_flex_module\"><div class=\"et_pb_heading_container\"><h2 class=\"et_pb_module_header\">Des accompagnements sur-mesure<\/h2><\/div><\/div>\n\n<div class=\"et_pb_text_2 et_pb_text et_pb_bg_layout_light et_pb_module et_flex_module\"><div class=\"et_pb_text_inner\"><p>Voici des exemples de formats d&rsquo;accompagnement:<\/p>\n<\/div><\/div>\n<\/div>\n<\/div>\n\n<div class=\"et_pb_row_11 et_pb_row et_flex_row\">\n<div class=\"et_pb_column_15 et_pb_column et_flex_column et_pb_css_mix_blend_mode_passthrough et_flex_column_8_24 et_flex_column_24_24_phone\">\n<div class=\"et_pb_blurb_0 et_pb_blurb et_pb_bg_layout_light et_pb_text_align_left et_pb_text_align_center-phone et_pb_blurb_position_top et_pb_module et_flex_module\"><div class=\"et_pb_blurb_content et_flex_module\"><div class=\"et_pb_main_blurb_image\"><span class=\"et_pb_image_wrap\"><span class=\"et-pb-icon et-waypoint et_pb_animation_top et_pb_animation_top_tablet et_pb_animation_top_phone\">\uf4d8<\/span><\/span><\/div><div class=\"et_pb_blurb_container\"><h4 class=\"et_pb_module_header\">Pack 1 &#8211; Action ponctuelle<\/h4><\/div><\/div><\/div>\n\n<div class=\"et_pb_heading_6 et_pb_heading et_pb_module et_flex_module\"><div class=\"et_pb_heading_container\"><h5 class=\"et_pb_module_header\">Objectif<\/h5><\/div><\/div>\n\n<div class=\"et_pb_text_3 et_pb_text et_pb_bg_layout_light et_pb_module et_flex_module\"><div class=\"et_pb_text_inner\"><p>Offrir un premier temps de bien-\u00eatre simple et accessible \u00e0 tous.<\/p>\n<\/div><\/div>\n\n<div class=\"et_pb_heading_7 et_pb_heading et_pb_module et_flex_module\"><div class=\"et_pb_heading_container\"><h5 class=\"et_pb_module_header\">Exemple de format<\/h5><\/div><\/div>\n\n<div class=\"et_pb_text_4 et_pb_text et_pb_bg_layout_light et_pb_module et_flex_module\"><div class=\"et_pb_text_inner\"><p>2 \u00e0 3 interventions sur une demi-journ\u00e9e ou une journ\u00e9e.<\/p>\n<\/div><\/div>\n\n<div class=\"et_pb_heading_8 et_pb_heading et_pb_module et_flex_module\"><div class=\"et_pb_heading_container\"><h5 class=\"et_pb_module_header\">Exemple d&rsquo;ateliers possibles<\/h5><\/div><\/div>\n\n<div class=\"et_pb_text_5 et_pb_text et_pb_bg_layout_light et_pb_module et_flex_module\"><div class=\"et_pb_text_inner\"><ul>\n<li>Massage Amma Assis<\/li>\n<li>Atelier relaxation\/respiration<\/li>\n<li>R\u00e9veil musculaire ou mobilit\u00e9 douce<\/li>\n<\/ul>\n<p>\u21d2 Interventions courtes, faciles \u00e0 mettre en place, tr\u00e8s appr\u00e9ci\u00e9es.<\/p>\n<\/div><\/div>\n\n<div class=\"et_pb_heading_9 et_pb_heading et_pb_module et_flex_module\"><div class=\"et_pb_heading_container\"><h5 class=\"et_pb_module_header\">Pour qui ?<\/h5><\/div><\/div>\n\n<div class=\"et_pb_text_6 et_pb_text et_pb_bg_layout_light et_pb_module et_flex_module\"><div class=\"et_pb_text_inner\"><ul>\n<li>Premi\u00e8re action bien-\u00eatre<\/li>\n<li>Ev\u00e9nement interne<\/li>\n<li>Journ\u00e9e QVCT<\/li>\n<\/ul>\n<\/div><\/div>\n<\/div>\n\n<div class=\"et_pb_column_16 et_pb_column et_flex_column et_pb_css_mix_blend_mode_passthrough et_flex_column_8_24 et_flex_column_24_24_phone\">\n<div class=\"et_pb_blurb_1 et_pb_blurb et_pb_bg_layout_light et_pb_text_align_left et_pb_text_align_center-phone et_pb_blurb_position_top et_pb_module et_flex_module\"><div class=\"et_pb_blurb_content et_flex_module\"><div class=\"et_pb_main_blurb_image\"><span class=\"et_pb_image_wrap\"><span class=\"et-pb-icon et-waypoint et_pb_animation_top et_pb_animation_top_tablet et_pb_animation_top_phone\">\uf14e<\/span><\/span><\/div><div class=\"et_pb_blurb_container\"><h4 class=\"et_pb_module_header\">Pack 2 &#8211;  bien-\u00eatre &#038; pr\u00e9vention<\/h4><\/div><\/div><\/div>\n\n<div class=\"et_pb_heading_10 et_pb_heading et_pb_module et_flex_module\"><div class=\"et_pb_heading_container\"><h5 class=\"et_pb_module_header\">Objectif<\/h5><\/div>\n<div class=\"et_pb_text_7 et_pb_text et_pb_bg_layout_light et_pb_module et_flex_module\"><div class=\"et_pb_text_inner\"><p>Agir sur le bien-\u00eatre physique et mental dans une logique de pr\u00e9vention<\/p>\n<\/div><\/div>\n<\/div>\n\n<div class=\"et_pb_heading_11 et_pb_heading et_pb_module et_flex_module\"><div class=\"et_pb_heading_container\"><h5 class=\"et_pb_module_header\">Exemple de format<\/h5><\/div><\/div>\n\n<div class=\"et_pb_text_8 et_pb_text et_pb_bg_layout_light et_pb_module et_flex_module\"><div class=\"et_pb_text_inner\"><p>4 \u00e0 6 ateliers r\u00e9partis sur plusieurs semaines.<\/p>\n<\/div><\/div>\n\n<div class=\"et_pb_heading_12 et_pb_heading et_pb_module et_flex_module\"><div class=\"et_pb_heading_container\"><h5 class=\"et_pb_module_header\">Exemple d&rsquo;ateliers possibles<\/h5><\/div><\/div>\n\n<div class=\"et_pb_text_9 et_pb_text et_pb_bg_layout_light et_pb_module et_flex_module\"><div class=\"et_pb_text_inner\"><ul>\n<li>Massage ou r\u00e9flexologie<\/li>\n<li>Atelier gestion du stress ou sophrologie<\/li>\n<li>Atelier sommeil ou nutrition<\/li>\n<li>S\u00e9ance de stretching, pilates ou yoga doux<\/li>\n<\/ul>\n<p>\u21d2 Une approche plus globale, pens\u00e9e pour durer.<\/p>\n<\/div><\/div>\n\n<div class=\"et_pb_heading_13 et_pb_heading et_pb_module et_flex_module\"><div class=\"et_pb_heading_container\"><h5 class=\"et_pb_module_header\">Pour qui ?<\/h5><\/div><\/div>\n\n<div class=\"et_pb_text_10 et_pb_text et_pb_bg_layout_light et_pb_module et_flex_module\"><div class=\"et_pb_text_inner\"><ul>\n<li>Entreprises souhaitant aller plus loin<\/li>\n<li>Actions pr\u00e9vention sant\u00e9<\/li>\n<li>D\u00e9marche QVCT naissante<\/li>\n<\/ul>\n<\/div><\/div>\n<\/div>\n\n<div class=\"et_pb_column_17 et_pb_column et-last-child et_flex_column et_pb_css_mix_blend_mode_passthrough et_flex_column_8_24 et_flex_column_24_24_phone\">\n<div class=\"et_pb_blurb_2 et_pb_blurb et_pb_bg_layout_light et_pb_text_align_left et_pb_text_align_center-phone et_pb_blurb_position_top et_pb_module et_flex_module\"><div class=\"et_pb_blurb_content et_flex_module\"><div class=\"et_pb_main_blurb_image\"><span class=\"et_pb_image_wrap\"><span class=\"et-pb-icon et-waypoint et_pb_animation_top et_pb_animation_top_tablet et_pb_animation_top_phone\">\uf080<\/span><\/span><\/div><div class=\"et_pb_blurb_container\"><h4 class=\"et_pb_module_header\">Pack 3 &#8211; Accompagnement QVCT<\/h4><\/div><\/div><\/div>\n\n<div class=\"et_pb_heading_14 et_pb_heading et_pb_module et_flex_module\"><div class=\"et_pb_heading_container\"><h5 class=\"et_pb_module_header\">Objectif<\/h5><\/div>\n<div class=\"et_pb_text_11 et_pb_text et_pb_bg_layout_light et_pb_module et_flex_module\"><div class=\"et_pb_text_inner\"><p>S&rsquo;inscrire dans une d\u00e9marche structur\u00e9e et coh\u00e9rente de Qualit\u00e9 de Vie au Travail<\/p>\n<\/div><\/div>\n\n<div class=\"et_pb_heading_15 et_pb_heading et_pb_module et_flex_module\"><div class=\"et_pb_heading_container\"><h5 class=\"et_pb_module_header\">Exemple de format<\/h5><\/div><\/div>\n\n<div class=\"et_pb_text_12 et_pb_text et_pb_bg_layout_light et_pb_module et_flex_module\"><div class=\"et_pb_text_inner\"><p>6 \u00e0 10 interventions sur plusieurs mois.<\/p>\n<\/div><\/div>\n<\/div>\n\n<div class=\"et_pb_heading_16 et_pb_heading et_pb_module et_flex_module\"><div class=\"et_pb_heading_container\"><h5 class=\"et_pb_module_header\">Exemple d&rsquo;ateliers possibles<\/h5><\/div><\/div>\n\n<div class=\"et_pb_text_13 et_pb_text et_pb_bg_layout_light et_pb_module et_flex_module\"><div class=\"et_pb_text_inner\"><ul>\n<li>Massage et d\u00e9tente corporelle<\/li>\n<li>Atelier pr\u00e9vention RPS<\/li>\n<li>Atelier sommeil et r\u00e9cup\u00e9ration<\/li>\n<li>Mouvement, posture, mobilit\u00e9<\/li>\n<li>Temps de sensibilisation (nutrition, stress..)<\/li>\n<\/ul>\n<p>\u21d2 Un programme construit sur la dur\u00e9e, en lien avec les enjeux de l&rsquo;entreprise.<\/p>\n<\/div><\/div>\n\n<div class=\"et_pb_heading_17 et_pb_heading et_pb_module et_flex_module\"><div class=\"et_pb_heading_container\"><h5 class=\"et_pb_module_header\">Pour qui ?<\/h5><\/div><\/div>\n\n<div class=\"et_pb_text_14 et_pb_text et_pb_bg_layout_light et_pb_module et_flex_module\"><div class=\"et_pb_text_inner\"><ul>\n<li>D\u00e9marche QVCT structur\u00e9e<\/li>\n<li>Acompagnement annuel<\/li>\n<li>Temps fort RH<\/li>\n<\/ul>\n<\/div><\/div>\n<\/div>\n<\/div>\n<\/div>\n\n<div class=\"et_pb_section_6 et_pb_section et_section_regular et_flex_section\">\n<div class=\"et_pb_row_12 et_pb_row et_flex_row\">\n<div class=\"et_pb_column_18 et_pb_column et-last-child et_flex_column et_pb_css_mix_blend_mode_passthrough et_flex_column_24_24\">\n<div class=\"et_pb_text_15 et_pb_text et_pb_bg_layout_light et_pb_module et_flex_module\"><div class=\"et_pb_text_inner\"><p>Ces formats sont propos\u00e9s \u00e0 titre d&rsquo;exemples.<\/p>\n<p>Chaque programme est ajust\u00e9 en fonction :<\/p>\n<ul><\/ul>\n<p>&nbsp;<\/p>\n<\/div><\/div>\n<\/div>\n<\/div>\n\n<div class=\"et_pb_row_13 et_pb_row et_flex_row\">\n<div class=\"et_pb_column_19 et_pb_column et_flex_column et_pb_column_empty et_pb_css_mix_blend_mode_passthrough et_flex_column_8_24 et_flex_column_24_24_phone\"><\/div>\n\n<div class=\"et_pb_column_20 et_pb_column et-last-child et_flex_column et_pb_css_mix_blend_mode_passthrough et_flex_column_16_24 et_flex_column_24_24_phone\">\n<div class=\"et_pb_text_16 et_pb_text et_pb_bg_layout_light et_pb_module et_flex_module\"><div class=\"et_pb_text_inner\"><ul>\n<li>de vos objectifs<\/li>\n<li>de vos contraintes internes<\/li>\n<li>de la taille des \u00e9quipes<\/li>\n<li>de la localisation<\/li>\n<li>de la disponibilit\u00e9 des intervenants<\/li>\n<\/ul>\n<p>\u00a0<\/p>\n<\/div><\/div>\n<\/div>\n<\/div>\n<\/div>\n\n<div class=\"et_pb_section_7 et_pb_section et_section_regular et_flex_section\">\n<div class=\"et_pb_row_14 et_pb_row et_flex_row\">\n<div class=\"et_pb_column_21 et_pb_column et_flex_column et_pb_css_mix_blend_mode_passthrough et_flex_column_12_24 et_flex_column_24_24_phone\">\n<div class=\"et_pb_text_17 et_pb_text et_pb_bg_layout_light et_pb_module et_flex_module\"><div class=\"et_pb_text_inner\"><p>Vous h\u00e9sitez sur les interventions les plus pertinentes pour votre entreprise?<\/p>\n<\/div><\/div>\n<\/div>\n\n<div class=\"et_pb_column_22 et_pb_column et-last-child et_flex_column et_pb_css_mix_blend_mode_passthrough et_flex_column_12_24 et_flex_column_24_24_phone\">\n<div class=\"et_pb_module et_pb_button_module_wrapper et_pb_button_0_wrapper\"><a class=\"et_pb_button_0 et_pb_button et_pb_bg_layout_light et_pb_module et_flex_module\" href=\"https:\/\/cabelia.fr\/index.php\/contact-devis\/#devis\" data-icon=\"-\">Echangeons sur votre projet<\/a><\/div>\n<\/div>\n<\/div>\n<\/div>","protected":false},"excerpt":{"rendered":"","protected":false},"author":1,"featured_media":0,"parent":0,"menu_order":0,"comment_status":"closed","ping_status":"closed","template":"","meta":{"_seopress_robots_primary_cat":"","_seopress_titles_title":"Interventions bien-\u00eatre en entreprise | Massages & ateliers","_seopress_titles_desc":"D\u00e9couvrez les interventions bien-\u00eatre propos\u00e9es par Cab\u00e9lia : massages, ateliers de pr\u00e9vention, relaxation, mouvement et accompagnement QVCT.","_seopress_robots_index":"","footnotes":""},"class_list":["post-106","page","type-page","status-publish","hentry"],"_links":{"self":[{"href":"https:\/\/cabelia.fr\/index.php\/wp-json\/wp\/v2\/pages\/106","targetHints":{"allow":["GET"]}}],"collection":[{"href":"https:\/\/cabelia.fr\/index.php\/wp-json\/wp\/v2\/pages"}],"about":[{"href":"https:\/\/cabelia.fr\/index.php\/wp-json\/wp\/v2\/types\/page"}],"author":[{"embeddable":true,"href":"https:\/\/cabelia.fr\/index.php\/wp-json\/wp\/v2\/users\/1"}],"replies":[{"embeddable":true,"href":"https:\/\/cabelia.fr\/index.php\/wp-json\/wp\/v2\/comments?post=106"}],"version-history":[{"count":40,"href":"https:\/\/cabelia.fr\/index.php\/wp-json\/wp\/v2\/pages\/106\/revisions"}],"predecessor-version":[{"id":474,"href":"https:\/\/cabelia.fr\/index.php\/wp-json\/wp\/v2\/pages\/106\/revisions\/474"}],"wp:attachment":[{"href":"https:\/\/cabelia.fr\/index.php\/wp-json\/wp\/v2\/media?parent=106"}],"curies":[{"name":"wp","href":"https:\/\/api.w.org\/{rel}","templated":true}]}}