{"id":104,"date":"2026-01-13T08:59:11","date_gmt":"2026-01-13T08:59:11","guid":{"rendered":"https:\/\/cabelia.fr\/?page_id=104"},"modified":"2026-01-29T10:32:10","modified_gmt":"2026-01-29T10:32:10","slug":"contact-devis","status":"publish","type":"page","link":"https:\/\/cabelia.fr\/index.php\/contact-devis\/","title":{"rendered":"Contact \/ F.A.Q."},"content":{"rendered":"<div class=\"et_pb_section_0 et_pb_section et_section_regular et_flex_section\">\n<div class=\"et_pb_row_0 et_pb_row et_flex_row\">\n<div class=\"et_pb_column_0 et_pb_column et-last-child et_flex_column et_pb_css_mix_blend_mode_passthrough et_flex_column_24_24 et_flex_column_24_24_tablet et_flex_column_24_24_phone\">\n<div class=\"et_pb_heading_0 et_pb_heading et_pb_module et_flex_module\"><div class=\"et_pb_heading_container\"><h1 class=\"et_pb_module_header\">Contact &#038; demande d&rsquo;information<\/h1><\/div><\/div>\n\n<div class=\"et_pb_text_0 et_pb_text et_pb_bg_layout_light et_pb_module et_flex_module\"><div class=\"et_pb_text_inner\"><p>Vous souhaitez organiser une intervention bien-\u00eatre au sein de votre entreprise ou obtenir des informations compl\u00e9mentaires?<\/p>\n<p>Laissez-nous un message, on vous r\u00e9pondra dans les meilleurs d\u00e9lais.<\/p>\n<\/div><\/div>\n<\/div>\n<\/div>\n<\/div>\n\n<div class=\"et_pb_section_1 et_pb_section et_section_regular et_flex_section\" id=\"devis\">\n<div class=\"et_pb_row_1 et_pb_row et_flex_row\">\n<div class=\"et_pb_column_1 et_pb_column et_flex_column et_pb_css_mix_blend_mode_passthrough et_flex_column_12_24 et_flex_column_24_24_phone\">\n<div class=\"et_pb_contact_form_0 et_pb_contact_form_container et_pb_text_align_left clearfix et_pb_module et_flex_module\" data-form_unique_num=\"0\" data-form_unique_id=\"25c1a101-6407-4310-a9b8-dc4006388fe3\" data-redirect_url=\"https:\/\/entretiendecouvertecabelia.youcanbook.me\/\" id=\"et_pb_contact_form_25c1a101-6407-4310-a9b8-dc4006388fe3\"><div class=\"et-pb-contact-message\"><\/div><div class=\"et_pb_contact\"><form class=\"et_pb_contact_form et_flex_module\" method=\"post\" action=\"https:\/\/cabelia.fr\/index.php\/wp-json\/wp\/v2\/pages\/104\">\n<div class=\"et_pb_contact_field_0 et_pb_contact_field et_pb_module et_flex_module et_flex_column_12_24\" data-id=\"nom\" data-type=\"input\"><label class=\"et_pb_contact_form_label\">Nom<\/label><input type=\"text\" name=\"et_pb_contact_0_nom_0\" id=\"et_pb_contact_0_nom_0\" class=\"input\" data-required_mark=\"required\" data-field_type=\"input\" data-original_id=\"nom\" placeholder=\"Nom\" title=\"\" value=\"\" \/><\/div>\n\n<div class=\"et_pb_contact_field_1 et_pb_contact_field et_pb_module et_flex_module et_flex_column_12_24\" data-id=\"pr\u00e9nom\" data-type=\"input\"><label class=\"et_pb_contact_form_label\">Pr\u00e9nom<\/label><input type=\"text\" name=\"et_pb_contact_0_pr\u00e9nom_1\" id=\"et_pb_contact_0_pr\u00e9nom_1\" class=\"input\" data-required_mark=\"required\" data-field_type=\"input\" data-original_id=\"pr\u00e9nom\" placeholder=\"Pr\u00e9nom\" title=\"\" value=\"\" \/><\/div>\n\n<div class=\"et_pb_contact_field_2 et_pb_contact_field et_pb_module et_flex_module et_flex_column_12_24\" data-id=\"entreprise_2\" data-type=\"input\"><label class=\"et_pb_contact_form_label\">Entreprise<\/label><input type=\"text\" name=\"et_pb_contact_0_entreprise_2_2\" id=\"et_pb_contact_0_entreprise_2_2\" class=\"input\" data-required_mark=\"required\" data-field_type=\"input\" data-original_id=\"entreprise_2\" placeholder=\"Entreprise\" title=\"\" value=\"\" \/><\/div>\n\n<div class=\"et_pb_contact_field_3 et_pb_contact_field et_pb_module et_flex_module et_flex_column_12_24\" data-id=\"fonction\" data-type=\"input\"><label class=\"et_pb_contact_form_label\">Fonction<\/label><input type=\"text\" name=\"et_pb_contact_0_fonction_3\" id=\"et_pb_contact_0_fonction_3\" class=\"input\" data-required_mark=\"not_required\" data-field_type=\"input\" data-original_id=\"fonction\" placeholder=\"Fonction\" title=\"\" value=\"\" \/><\/div>\n\n<div class=\"et_pb_contact_field_4 et_pb_contact_field et_pb_module et_flex_module et_flex_column_12_24\" data-id=\"email\" data-type=\"email\"><label class=\"et_pb_contact_form_label\">Email<\/label><input type=\"text\" name=\"et_pb_contact_0_email_4\" id=\"et_pb_contact_0_email_4\" class=\"input\" data-required_mark=\"required\" data-field_type=\"email\" data-original_id=\"email\" placeholder=\"Email\" title=\"\" value=\"\" \/><\/div>\n\n<div class=\"et_pb_contact_field_5 et_pb_contact_field et_pb_module et_flex_module et_flex_column_12_24\" data-id=\"t\u00e9l\u00e9phone\" data-type=\"input\"><label class=\"et_pb_contact_form_label\">T\u00e9l\u00e9phone<\/label><input type=\"text\" name=\"et_pb_contact_0_t\u00e9l\u00e9phone_5\" id=\"et_pb_contact_0_t\u00e9l\u00e9phone_5\" class=\"input\" data-required_mark=\"not_required\" data-field_type=\"input\" data-original_id=\"t\u00e9l\u00e9phone\" placeholder=\"T\u00e9l\u00e9phone\" pattern=\"[0-9\\s\\-]{10,10}\" title=\"Seuls les chiffres sont autoris\u00e9s.Longueur minimale : 10 caract\u00e8res. Longueur maximale : 10 caract\u00e8res.\" maxlength=\"10\" value=\"\" \/><\/div>\n\n<div class=\"et_pb_contact_field_6 et_pb_contact_field et_pb_module et_flex_module et_flex_column_24_24\" data-id=\"objet\" data-type=\"checkbox\"><label class=\"et_pb_contact_form_label\">Objet de la demande<\/label><input type=\"hidden\" name=\"et_pb_contact_0_objet_6\" class=\"et_pb_checkbox_handle\" data-required_mark=\"required\" data-field_type=\"checkbox\" data-original_id=\"objet\" \/><span class=\"et_pb_contact_field_options_wrapper\"><span class=\"et_pb_contact_field_options_title\">Objet de la demande<\/span><span class=\"et_pb_contact_field_options_list\"><span class=\"et_pb_contact_field_checkbox\"><input type=\"checkbox\" id=\"et_pb_contact_0_objet_6_0\" class=\"input\" value=\"Demande d&#039;information\" data-required_mark=\"required\" data-field_type=\"checkbox\" data-original_id=\"objet\" \/><label for=\"et_pb_contact_0_objet_6_0\"><i><\/i>Demande d&rsquo;information<\/label><\/span><span class=\"et_pb_contact_field_checkbox\"><input type=\"checkbox\" id=\"et_pb_contact_0_objet_6_1\" class=\"input\" value=\"Demande de devis\" data-required_mark=\"required\" data-field_type=\"checkbox\" data-original_id=\"objet\" \/><label for=\"et_pb_contact_0_objet_6_1\"><i><\/i>Demande de devis<\/label><\/span><span class=\"et_pb_contact_field_checkbox\"><input type=\"checkbox\" id=\"et_pb_contact_0_objet_6_2\" class=\"input\" value=\"Demande de partenariat\" data-required_mark=\"required\" data-field_type=\"checkbox\" data-original_id=\"objet\" \/><label for=\"et_pb_contact_0_objet_6_2\"><i><\/i>Demande de partenariat<\/label><\/span><span class=\"et_pb_contact_field_checkbox\"><input type=\"checkbox\" id=\"et_pb_contact_0_objet_6_3\" class=\"input\" value=\"Mise en place d&#039;une intervention\" data-required_mark=\"required\" data-field_type=\"checkbox\" data-original_id=\"objet\" \/><label for=\"et_pb_contact_0_objet_6_3\"><i><\/i>Mise en place d&rsquo;une intervention<\/label><\/span><span class=\"et_pb_contact_field_checkbox\"><input type=\"checkbox\" id=\"et_pb_contact_0_objet_6_4\" class=\"input\" value=\"Autre\" data-required_mark=\"required\" data-field_type=\"checkbox\" data-original_id=\"objet\" \/><label for=\"et_pb_contact_0_objet_6_4\"><i><\/i>Autre<\/label><\/span><\/span><\/span><\/div>\n\n<div class=\"et_pb_contact_field_7 et_pb_contact_field et_pb_module et_flex_module et_flex_column_24_24\" data-id=\"message\" data-type=\"text\"><label class=\"et_pb_contact_form_label\">Message<\/label><textarea name=\"et_pb_contact_0_message_7\" id=\"et_pb_contact_0_message_7\" class=\"et_pb_contact_message input\" data-required_mark=\"not_required\" data-field_type=\"text\" data-original_id=\"message\" placeholder=\"Message\"><\/textarea><\/div>\n<input type=\"hidden\" name=\"et_pb_contactform_submit_25c1a101-6407-4310-a9b8-dc4006388fe3\" value=\"et_contact_proccess\" \/><div class=\"et_contact_bottom_container\"><div class=\"et_pb_button_wrapper\"><button type=\"submit\" name=\"et_builder_submit_button\" class=\"et_pb_button et_pb_contact_submit\" data-icon=\"$\">Envoyer<\/button><\/div><\/div><input type=\"hidden\" id=\"_wpnonce-et-pb-contact-form-submitted-25c1a101-6407-4310-a9b8-dc4006388fe3\" name=\"_wpnonce-et-pb-contact-form-submitted-25c1a101-6407-4310-a9b8-dc4006388fe3\" value=\"601acd0143\" \/><input type=\"hidden\" name=\"_wp_http_referer\" value=\"\/index.php\/wp-json\/wp\/v2\/pages\/104\" \/><\/form><\/div><\/div>\n<\/div>\n\n<div class=\"et_pb_column_2 et_pb_column et-last-child et_flex_column et_pb_css_mix_blend_mode_passthrough et_flex_column_12_24 et_flex_column_24_24_phone\">\n<div class=\"et_pb_heading_1 et_pb_heading et_pb_module et_flex_module\"><div class=\"et_pb_heading_container\"><h3 class=\"et_pb_module_header\">Pourquoi nous contacter?<\/h3><\/div><\/div>\n\n<ul class=\"et_pb_icon_list_0 et_pb_icon_list et_pb_module et_flex_module\">\n<li class=\"et_pb_icon_list_item_0 et_pb_icon_list_item et_pb_module et_flex_module\"><span class=\"et-pb-icon\">^<\/span><div class=\"et_pb_icon_list_text\">Echanger sur vos besoins<\/div><\/li>\n\n<li class=\"et_pb_icon_list_item_1 et_pb_icon_list_item et_pb_module et_flex_module\"><span class=\"et-pb-icon\">^<\/span><div class=\"et_pb_icon_list_text\">Identifier les formats les plus adapt\u00e9s<\/div><\/li>\n\n<li class=\"et_pb_icon_list_item_2 et_pb_icon_list_item et_pb_module et_flex_module\"><span class=\"et-pb-icon\">^<\/span><div class=\"et_pb_icon_list_text\">Etre accompagn\u00e9 dans l&rsquo;organisation<\/div><\/li>\n\n<li class=\"et_pb_icon_list_item_3 et_pb_icon_list_item et_pb_module et_flex_module\"><span class=\"et-pb-icon\">^<\/span><div class=\"et_pb_icon_list_text\">obtenir un devis personnalis\u00e9<\/div><\/li>\n<\/ul>\n\n<div class=\"et_pb_text_1 et_pb_text et_pb_bg_layout_light et_pb_module et_flex_module\"><div class=\"et_pb_text_inner\"><p>Nous r\u00e9pondons g\u00e9n\u00e9ralement sur 48 heures ouvr\u00e9es.<\/p>\n<\/div><\/div>\n<\/div>\n<\/div>\n<\/div>\n\n<div class=\"et_pb_section_2 et_pb_section et_section_regular et_flex_section\">\n<div class=\"et_pb_row_2 et_pb_row et_flex_row\">\n<div class=\"et_pb_column_3 et_pb_column et-last-child et_flex_column et_pb_css_mix_blend_mode_passthrough et_flex_column_24_24\">\n<div class=\"et_pb_heading_2 et_pb_heading et_pb_module et_flex_module\"><div class=\"et_pb_heading_container\"><h2 class=\"et_pb_module_header\">Questions fr\u00e9quentes<\/h2><\/div><\/div>\n\n<div class=\"et_pb_toggle_0 et_pb_toggle et_pb_toggle_item et_pb_toggle_close et_pb_module et_flex_module\"><h5 class=\"et_pb_toggle_title\">Les interventions sont-elles disponibles partout?<\/h5><div class=\"et_pb_toggle_content clearfix et_flex_module\"><p>Les interventions sont propos\u00e9es en fonction de la localisation et de la disponibilit\u00e9 des intervenants partenaires.<\/p>\n<\/div><\/div>\n\n<div class=\"et_pb_toggle_1 et_pb_toggle et_pb_toggle_item et_pb_toggle_close et_pb_module et_flex_module\"><h5 class=\"et_pb_toggle_title\">Proposez-vous un accompagnement en communication interne?<\/h5><div class=\"et_pb_toggle_content clearfix et_flex_module\"><p>Un pack de communication peut \u00eatre propos\u00e9 afin de facilit\u00e9 l&rsquo;information et la mobilisation des \u00e9quipes.<\/p>\n<\/div><\/div>\n\n<div class=\"et_pb_toggle_2 et_pb_toggle et_pb_toggle_item et_pb_toggle_close et_pb_module et_flex_module\"><h5 class=\"et_pb_toggle_title\">Sous quel d\u00e9lai peut-on organiser une intervention?<\/h5><div class=\"et_pb_toggle_content clearfix et_flex_module\"><p>Les d\u00e9lais varient selon la prestation et la localisation. Une prise de contact en amont est recommand\u00e9e.<\/p>\n<\/div><\/div>\n\n<div class=\"et_pb_toggle_3 et_pb_toggle et_pb_toggle_item et_pb_toggle_close et_pb_module et_flex_module\"><h5 class=\"et_pb_toggle_title\">Les ateliers sont-ils personnalisables?<\/h5><div class=\"et_pb_toggle_content clearfix et_flex_module\"><p>Oui, les formats et th\u00e9matiques peuvent \u00eatre ajust\u00e9s selon les besoins de l&rsquo;entreprise.<\/p>\n<\/div><\/div>\n\n<div class=\"et_pb_toggle_4 et_pb_toggle et_pb_toggle_item et_pb_toggle_close et_pb_module et_flex_module\"><h5 class=\"et_pb_toggle_title\">Fournissez-vous un suivi apr\u00e8s intervention?<\/h5><div class=\"et_pb_toggle_content clearfix et_flex_module\"><p>Un formulaire de satisfaction est mis \u00e0 disposition des participants apr\u00e8s chaque intervention.<\/p>\n<\/div><\/div>\n<\/div>\n<\/div>\n<\/div>\n\n<div class=\"et_pb_section_3 et_pb_section et_section_regular et_flex_section\">\n<div class=\"et_pb_row_3 et_pb_row et_flex_row\">\n<div class=\"et_pb_column_4 et_pb_column et-last-child et_flex_column et_pb_css_mix_blend_mode_passthrough et_flex_column_24_24\">\n<div class=\"et_pb_text_2 et_pb_text et_pb_bg_layout_light et_pb_module et_flex_module\"><div class=\"et_pb_text_inner\"><p>Cab\u00e9lia vous accompagne de la d\u00e9finition des besoins jusqu&rsquo;au suivi des interventions, avec une organisation claire et professionnelle.<\/p>\n<\/div><\/div>\n<\/div>\n<\/div>\n<\/div>\n\n<div class=\"et_pb_section_4 et_pb_section et_section_regular et_flex_section\">\n<div class=\"et_pb_row_4 et_pb_row et_flex_row\">\n<div class=\"et_pb_column_5 et_pb_column et-last-child et_flex_column et_pb_css_mix_blend_mode_passthrough et_flex_column_24_24\">\n<div class=\"et_pb_module et_pb_button_module_wrapper et_pb_button_0_wrapper\"><a class=\"et_pb_button_0 et_pb_button et_pb_bg_layout_light et_pb_module et_flex_module\" href=\"\">Nous contacter<\/a><\/div>\n<\/div>\n<\/div>\n<\/div>","protected":false},"excerpt":{"rendered":"","protected":false},"author":1,"featured_media":0,"parent":0,"menu_order":0,"comment_status":"closed","ping_status":"closed","template":"","meta":{"_seopress_robots_primary_cat":"","_seopress_titles_title":"Contact & FAQ | Bien-\u00eatre en entreprise et QVCT | Cab\u00e9lia","_seopress_titles_desc":"Une question sur nos interventions bien-\u00eatre ou la QVCT ? Contactez Cab\u00e9lia ou consultez notre FAQ pour un accompagnement clair et adapt\u00e9.","_seopress_robots_index":"","footnotes":""},"class_list":["post-104","page","type-page","status-publish","hentry"],"_links":{"self":[{"href":"https:\/\/cabelia.fr\/index.php\/wp-json\/wp\/v2\/pages\/104","targetHints":{"allow":["GET"]}}],"collection":[{"href":"https:\/\/cabelia.fr\/index.php\/wp-json\/wp\/v2\/pages"}],"about":[{"href":"https:\/\/cabelia.fr\/index.php\/wp-json\/wp\/v2\/types\/page"}],"author":[{"embeddable":true,"href":"https:\/\/cabelia.fr\/index.php\/wp-json\/wp\/v2\/users\/1"}],"replies":[{"embeddable":true,"href":"https:\/\/cabelia.fr\/index.php\/wp-json\/wp\/v2\/comments?post=104"}],"version-history":[{"count":39,"href":"https:\/\/cabelia.fr\/index.php\/wp-json\/wp\/v2\/pages\/104\/revisions"}],"predecessor-version":[{"id":502,"href":"https:\/\/cabelia.fr\/index.php\/wp-json\/wp\/v2\/pages\/104\/revisions\/502"}],"wp:attachment":[{"href":"https:\/\/cabelia.fr\/index.php\/wp-json\/wp\/v2\/media?parent=104"}],"curies":[{"name":"wp","href":"https:\/\/api.w.org\/{rel}","templated":true}]}}